{"id":20606,"date":"2022-08-01T10:56:15","date_gmt":"2022-08-01T08:56:15","guid":{"rendered":"https:\/\/pruebasaccuro.barcosenmenorca.com\/avis-juridique\/"},"modified":"2022-08-02T18:12:42","modified_gmt":"2022-08-02T16:12:42","slug":"avis-juridique","status":"publish","type":"page","link":"https:\/\/pruebasaccuro.barcosenmenorca.com\/fr\/avis-juridique\/","title":{"rendered":"Avis juridique"},"content":{"rendered":"\n  <div class=\"banner has-hover bg-blur\" id=\"banner-625963139\">\n          <div class=\"banner-inner fill\">\n        <div class=\"banner-bg fill\" >\n            <div class=\"bg fill bg-fill \"><\/div>\n                                    \n                    <\/div>\n\t\t\n        <div class=\"banner-layers container\">\n            <div class=\"fill banner-link\"><\/div>            \n   <div id=\"text-box-1073250029\" class=\"text-box banner-layer x50 md-x50 lg-x50 y50 md-y50 lg-y50 res-text\">\n                     <div data-animate=\"fadeInLeft\">           <div class=\"text-box-content text dark text-shadow-4\">\n              \n              <div class=\"text-inner text-center\">\n                  \n<h3 class=\"uppercase\"><strong>avis juridique  <\/strong><\/h3>\n              <\/div>\n           <\/div>\n       <\/div>                     \n<style>\n#text-box-1073250029 {\n  width: 90%;\n}\n#text-box-1073250029 .text-box-content {\n  font-size: 91%;\n}\n@media (min-width:550px) {\n  #text-box-1073250029 {\n    width: 60%;\n  }\n  #text-box-1073250029 .text-box-content {\n    font-size: 100%;\n  }\n}\n<\/style>\n    <\/div>\n \n        <\/div>\n      <\/div>\n\n            \n<style>\n#banner-625963139 {\n  padding-top: 135%;\n  background-color: rgba(4, 0, 0, 0.13);\n}\n#banner-625963139 .bg.bg-loaded {\n  background-image: url(https:\/\/pruebasaccuro.barcosenmenorca.com\/\/wp-content\/uploads\/2022\/08\/aviso-legal-1.jpg);\n}\n#banner-625963139 .bg {\n  background-position: 34% 90%;\n}\n#banner-625963139 .ux-shape-divider--top svg {\n  height: 150px;\n  --divider-top-width: 100%;\n}\n#banner-625963139 .ux-shape-divider--bottom svg {\n  height: 150px;\n  --divider-width: 100%;\n}\n@media (min-width:550px) {\n  #banner-625963139 {\n    padding-top: 80%;\n  }\n}\n@media (min-width:850px) {\n  #banner-625963139 {\n    padding-top: 27%;\n  }\n}\n<\/style>\n  <\/div>\n\n\n<div class=\"row row-large\"  id=\"row-296939906\">\n\n\t<div id=\"col-1285323352\" class=\"col small-12 large-12\"  >\n\t\t\t\t<div class=\"col-inner\"  >\n\t\t\t\n\t\t\t\n<div class=\"uk-margin-medium\">\n<p>Le responsable de ce site web est : MENORCA MAR CHARTER, SL, soci\u00e9t\u00e9 inscrite au Registre du Commerce de Madrid, Volume 34816, Folio 092, Page M-00626241, 1\u00e8re Inscription, avec C.I.F. B87580833 et dont le si\u00e8ge social est situ\u00e9 Calle Moll de Llevant, 96, Mah\u00f3n, 07701, Menorca (Iles Bal\u00e9ares).<\/p>\n<p>Vous pouvez \u00e9galement nous contacter par t\u00e9l\u00e9phone au <span class=\"mw31Ze\" aria-label=\"Llamar al n\u00famero de tel\u00e9fono 689 44 11 55\">689 44 11 55<\/span> ou par e-mail \u00e0 direccion@menorcamar.com.<\/p>\n<p><strong>Propri\u00e9t\u00e9 intellectuelle et industrielle<\/strong><\/p>\n<p>La conception de ce site web et ses codes sources, ainsi que les logos, marques et autres signes distinctifs qui y apparaissent appartiennent \u00e0 MENORCA MAR CHARTER, SL et sont prot\u00e9g\u00e9s par les droits de propri\u00e9t\u00e9 intellectuelle et industrielle correspondants.<\/p>\n<p><strong>Responsabilit\u00e9 du contenu<\/strong><\/p>\n<p>MENORCA MAR CHARTER, SL n&rsquo;est pas responsable de la l\u00e9galit\u00e9 des autres sites web de tiers \u00e0 partir desquels il est possible d&rsquo;acc\u00e9der \u00e0 ce site web. MENORCA MAR CHARTER, SL n&rsquo;est pas non plus responsable de la l\u00e9galit\u00e9 d&rsquo;autres sites web de tiers, qui peuvent \u00eatre li\u00e9s ou connect\u00e9s \u00e0 ce site web.<\/p>\n<p>MENORCA MAR CHARTER, SL se r\u00e9serve le droit d&rsquo;apporter des modifications au site web sans pr\u00e9avis, afin de maintenir l&rsquo;information \u00e0 jour, en ajoutant, modifiant, corrigeant ou \u00e9liminant les contenus publi\u00e9s ou la conception du portail.<\/p>\n<p>MENORCA MAR CHARTER, SL ne sera pas responsable de l&rsquo;utilisation que des tiers font de l&rsquo;information publi\u00e9e sur le portail, ni des dommages subis ou des pertes \u00e9conomiques qui, directement ou indirectement, produisent ou pourraient produire des dommages \u00e9conomiques, mat\u00e9riels ou de donn\u00e9es, caus\u00e9s par l&rsquo;utilisation de cette information.<\/p>\n<p><strong>Lecture du contenu<\/strong><\/p>\n<p>La reproduction totale ou partielle des contenus publi\u00e9s sur ce site est interdite sans l&rsquo;autorisation \u00e9crite pr\u00e9alable de MENORCA MAR CHARTER, SL.<\/p>\n<p>Toutes les informations relatives au respect de la vie priv\u00e9e peuvent \u00eatre consult\u00e9es dans notre politique de confidentialit\u00e9.<\/p>\n<\/div>\n\t\t<\/div>\n\t\t\t\t\t<\/div>\n\n\t\n<\/div>\n","protected":false},"excerpt":{"rendered":"","protected":false},"author":2,"featured_media":0,"parent":0,"menu_order":0,"comment_status":"closed","ping_status":"closed","template":"","meta":{"footnotes":""},"acf":[],"yoast_head":"<!-- This site is optimized with the Yoast SEO Premium plugin v20.2.1 (Yoast SEO v20.2.1) - https:\/\/yoast.com\/wordpress\/plugins\/seo\/ -->\n<title>Avis juridique - Menorca Mar &amp; Charter<\/title>\n<meta name=\"robots\" content=\"index, follow, max-snippet:-1, max-image-preview:large, max-video-preview:-1\" \/>\n<link rel=\"canonical\" href=\"https:\/\/pruebasaccuro.barcosenmenorca.com\/fr\/avis-juridique\/\" \/>\n<meta property=\"og:locale\" content=\"fr_FR\" \/>\n<meta property=\"og:type\" content=\"article\" \/>\n<meta property=\"og:title\" content=\"Avis juridique\" \/>\n<meta property=\"og:url\" content=\"https:\/\/pruebasaccuro.barcosenmenorca.com\/fr\/avis-juridique\/\" \/>\n<meta property=\"og:site_name\" content=\"Menorca Mar &amp; Charter\" \/>\n<meta property=\"article:publisher\" content=\"https:\/\/www.facebook.com\/menorcamarcharter\/\" \/>\n<meta property=\"article:modified_time\" content=\"2022-08-02T16:12:42+00:00\" \/>\n<meta property=\"og:image\" content=\"https:\/\/pruebasaccuro.barcosenmenorca.com\/\/wp-content\/uploads\/2019\/01\/10-Menorca-Mar-alquiler-51.jpg\" \/>\n\t<meta property=\"og:image:width\" content=\"480\" \/>\n\t<meta property=\"og:image:height\" content=\"480\" \/>\n\t<meta property=\"og:image:type\" content=\"image\/jpeg\" \/>\n<meta name=\"twitter:card\" content=\"summary_large_image\" \/>\n<meta name=\"twitter:label1\" content=\"Dur\u00e9e de lecture estim\u00e9e\" \/>\n\t<meta name=\"twitter:data1\" content=\"2 minutes\" \/>\n<script type=\"application\/ld+json\" class=\"yoast-schema-graph\">{\"@context\":\"https:\/\/schema.org\",\"@graph\":[{\"@type\":\"WebPage\",\"@id\":\"https:\/\/pruebasaccuro.barcosenmenorca.com\/fr\/avis-juridique\/\",\"url\":\"https:\/\/pruebasaccuro.barcosenmenorca.com\/fr\/avis-juridique\/\",\"name\":\"Avis juridique - Menorca Mar &amp; Charter\",\"isPartOf\":{\"@id\":\"https:\/\/pruebasaccuro.barcosenmenorca.com\/#website\"},\"datePublished\":\"2022-08-01T08:56:15+00:00\",\"dateModified\":\"2022-08-02T16:12:42+00:00\",\"breadcrumb\":{\"@id\":\"https:\/\/pruebasaccuro.barcosenmenorca.com\/fr\/avis-juridique\/#breadcrumb\"},\"inLanguage\":\"fr-FR\",\"potentialAction\":[{\"@type\":\"ReadAction\",\"target\":[\"https:\/\/pruebasaccuro.barcosenmenorca.com\/fr\/avis-juridique\/\"]}]},{\"@type\":\"BreadcrumbList\",\"@id\":\"https:\/\/pruebasaccuro.barcosenmenorca.com\/fr\/avis-juridique\/#breadcrumb\",\"itemListElement\":[{\"@type\":\"ListItem\",\"position\":1,\"name\":\"Home\",\"item\":\"https:\/\/pruebasaccuro.barcosenmenorca.com\/fr\/es\/\"},{\"@type\":\"ListItem\",\"position\":2,\"name\":\"Avis juridique\"}]},{\"@type\":\"WebSite\",\"@id\":\"https:\/\/pruebasaccuro.barcosenmenorca.com\/#website\",\"url\":\"https:\/\/pruebasaccuro.barcosenmenorca.com\/\",\"name\":\"Menorca Mar &amp; Charter\",\"description\":\"Alquiler de barcos en Menorca\",\"publisher\":{\"@id\":\"https:\/\/pruebasaccuro.barcosenmenorca.com\/#organization\"},\"potentialAction\":[{\"@type\":\"SearchAction\",\"target\":{\"@type\":\"EntryPoint\",\"urlTemplate\":\"https:\/\/pruebasaccuro.barcosenmenorca.com\/?s={search_term_string}\"},\"query-input\":\"required name=search_term_string\"}],\"inLanguage\":\"fr-FR\"},{\"@type\":[\"Organization\",\"Place\",\"SportsClub\"],\"@id\":\"https:\/\/pruebasaccuro.barcosenmenorca.com\/#organization\",\"name\":\"Menorca Mar & Charter\",\"url\":\"https:\/\/pruebasaccuro.barcosenmenorca.com\/\",\"logo\":{\"@id\":\"https:\/\/pruebasaccuro.barcosenmenorca.com\/fr\/avis-juridique\/#local-main-organization-logo\"},\"image\":{\"@id\":\"https:\/\/pruebasaccuro.barcosenmenorca.com\/fr\/avis-juridique\/#local-main-organization-logo\"},\"sameAs\":[\"https:\/\/www.facebook.com\/menorcamarcharter\/\",\"https:\/\/www.instagram.com\/menorcamarcharter\/\",\"https:\/\/www.linkedin.com\/in\/menorca-mar-charter-53a89017b\/?originalSubdomain=es\",\"https:\/\/www.youtube.com\/channel\/UCjPQdGjjEuJqO7g1dfUn7wA\"],\"address\":{\"@id\":\"https:\/\/pruebasaccuro.barcosenmenorca.com\/fr\/avis-juridique\/#local-main-place-address\"},\"geo\":{\"@type\":\"GeoCoordinates\",\"latitude\":\"39.889827\",\"longitude\":\"4.270356\"},\"telephone\":[\"+34689441155\"],\"openingHoursSpecification\":[{\"@type\":\"OpeningHoursSpecification\",\"dayOfWeek\":[\"Monday\",\"Tuesday\",\"Wednesday\",\"Thursday\",\"Friday\",\"Saturday\",\"Sunday\"],\"opens\":\"09:00\",\"closes\":\"22:30\"}],\"email\":\"direccion@menorcamar.com\",\"areaServed\":\"ES\",\"taxID\":\"B87580833\",\"priceRange\":\"$$\",\"currenciesAccepted\":\"EUR\"},{\"@type\":\"PostalAddress\",\"@id\":\"https:\/\/pruebasaccuro.barcosenmenorca.com\/fr\/avis-juridique\/#local-main-place-address\",\"streetAddress\":\"Moll Llevant 96\",\"addressLocality\":\"Menorca\",\"postalCode\":\"07701\",\"addressRegion\":\"Baleares\",\"addressCountry\":\"ES\"},{\"@type\":\"ImageObject\",\"inLanguage\":\"fr-FR\",\"@id\":\"https:\/\/pruebasaccuro.barcosenmenorca.com\/fr\/avis-juridique\/#local-main-organization-logo\",\"url\":\"https:\/\/pruebasaccuro.barcosenmenorca.com\/\/wp-content\/uploads\/2019\/01\/5-Menorca-Mar-alquiler-51.png\",\"contentUrl\":\"https:\/\/pruebasaccuro.barcosenmenorca.com\/\/wp-content\/uploads\/2019\/01\/5-Menorca-Mar-alquiler-51.png\",\"width\":2362,\"height\":2362,\"caption\":\"Menorca Mar & Charter\"}]}<\/script>\n<meta name=\"geo.placename\" content=\"Menorca\" \/>\n<meta name=\"geo.position\" content=\"39.889827;4.270356\" \/>\n<meta name=\"geo.region\" content=\"Espagne\" \/>\n<!-- \/ Yoast SEO Premium plugin. -->","yoast_head_json":{"title":"Avis juridique - Menorca Mar &amp; Charter","robots":{"index":"index","follow":"follow","max-snippet":"max-snippet:-1","max-image-preview":"max-image-preview:large","max-video-preview":"max-video-preview:-1"},"canonical":"https:\/\/pruebasaccuro.barcosenmenorca.com\/fr\/avis-juridique\/","og_locale":"fr_FR","og_type":"article","og_title":"Avis juridique","og_url":"https:\/\/pruebasaccuro.barcosenmenorca.com\/fr\/avis-juridique\/","og_site_name":"Menorca Mar &amp; Charter","article_publisher":"https:\/\/www.facebook.com\/menorcamarcharter\/","article_modified_time":"2022-08-02T16:12:42+00:00","og_image":[{"width":480,"height":480,"url":"https:\/\/pruebasaccuro.barcosenmenorca.com\/\/wp-content\/uploads\/2019\/01\/10-Menorca-Mar-alquiler-51.jpg","type":"image\/jpeg"}],"twitter_card":"summary_large_image","twitter_misc":{"Dur\u00e9e de lecture estim\u00e9e":"2 minutes"},"schema":{"@context":"https:\/\/schema.org","@graph":[{"@type":"WebPage","@id":"https:\/\/pruebasaccuro.barcosenmenorca.com\/fr\/avis-juridique\/","url":"https:\/\/pruebasaccuro.barcosenmenorca.com\/fr\/avis-juridique\/","name":"Avis juridique - Menorca Mar &amp; Charter","isPartOf":{"@id":"https:\/\/pruebasaccuro.barcosenmenorca.com\/#website"},"datePublished":"2022-08-01T08:56:15+00:00","dateModified":"2022-08-02T16:12:42+00:00","breadcrumb":{"@id":"https:\/\/pruebasaccuro.barcosenmenorca.com\/fr\/avis-juridique\/#breadcrumb"},"inLanguage":"fr-FR","potentialAction":[{"@type":"ReadAction","target":["https:\/\/pruebasaccuro.barcosenmenorca.com\/fr\/avis-juridique\/"]}]},{"@type":"BreadcrumbList","@id":"https:\/\/pruebasaccuro.barcosenmenorca.com\/fr\/avis-juridique\/#breadcrumb","itemListElement":[{"@type":"ListItem","position":1,"name":"Home","item":"https:\/\/pruebasaccuro.barcosenmenorca.com\/fr\/es\/"},{"@type":"ListItem","position":2,"name":"Avis juridique"}]},{"@type":"WebSite","@id":"https:\/\/pruebasaccuro.barcosenmenorca.com\/#website","url":"https:\/\/pruebasaccuro.barcosenmenorca.com\/","name":"Menorca Mar &amp; Charter","description":"Alquiler de barcos en Menorca","publisher":{"@id":"https:\/\/pruebasaccuro.barcosenmenorca.com\/#organization"},"potentialAction":[{"@type":"SearchAction","target":{"@type":"EntryPoint","urlTemplate":"https:\/\/pruebasaccuro.barcosenmenorca.com\/?s={search_term_string}"},"query-input":"required name=search_term_string"}],"inLanguage":"fr-FR"},{"@type":["Organization","Place","SportsClub"],"@id":"https:\/\/pruebasaccuro.barcosenmenorca.com\/#organization","name":"Menorca Mar & Charter","url":"https:\/\/pruebasaccuro.barcosenmenorca.com\/","logo":{"@id":"https:\/\/pruebasaccuro.barcosenmenorca.com\/fr\/avis-juridique\/#local-main-organization-logo"},"image":{"@id":"https:\/\/pruebasaccuro.barcosenmenorca.com\/fr\/avis-juridique\/#local-main-organization-logo"},"sameAs":["https:\/\/www.facebook.com\/menorcamarcharter\/","https:\/\/www.instagram.com\/menorcamarcharter\/","https:\/\/www.linkedin.com\/in\/menorca-mar-charter-53a89017b\/?originalSubdomain=es","https:\/\/www.youtube.com\/channel\/UCjPQdGjjEuJqO7g1dfUn7wA"],"address":{"@id":"https:\/\/pruebasaccuro.barcosenmenorca.com\/fr\/avis-juridique\/#local-main-place-address"},"geo":{"@type":"GeoCoordinates","latitude":"39.889827","longitude":"4.270356"},"telephone":["+34689441155"],"openingHoursSpecification":[{"@type":"OpeningHoursSpecification","dayOfWeek":["Monday","Tuesday","Wednesday","Thursday","Friday","Saturday","Sunday"],"opens":"09:00","closes":"22:30"}],"email":"direccion@menorcamar.com","areaServed":"ES","taxID":"B87580833","priceRange":"$$","currenciesAccepted":"EUR"},{"@type":"PostalAddress","@id":"https:\/\/pruebasaccuro.barcosenmenorca.com\/fr\/avis-juridique\/#local-main-place-address","streetAddress":"Moll Llevant 96","addressLocality":"Menorca","postalCode":"07701","addressRegion":"Baleares","addressCountry":"ES"},{"@type":"ImageObject","inLanguage":"fr-FR","@id":"https:\/\/pruebasaccuro.barcosenmenorca.com\/fr\/avis-juridique\/#local-main-organization-logo","url":"https:\/\/pruebasaccuro.barcosenmenorca.com\/\/wp-content\/uploads\/2019\/01\/5-Menorca-Mar-alquiler-51.png","contentUrl":"https:\/\/pruebasaccuro.barcosenmenorca.com\/\/wp-content\/uploads\/2019\/01\/5-Menorca-Mar-alquiler-51.png","width":2362,"height":2362,"caption":"Menorca Mar & Charter"}]},"geo.placename":"Menorca","geo.position":{"lat":"39.889827","long":"4.270356"},"geo.region":"Espagne"},"_links":{"self":[{"href":"https:\/\/pruebasaccuro.barcosenmenorca.com\/fr\/wp-json\/wp\/v2\/pages\/20606"}],"collection":[{"href":"https:\/\/pruebasaccuro.barcosenmenorca.com\/fr\/wp-json\/wp\/v2\/pages"}],"about":[{"href":"https:\/\/pruebasaccuro.barcosenmenorca.com\/fr\/wp-json\/wp\/v2\/types\/page"}],"author":[{"embeddable":true,"href":"https:\/\/pruebasaccuro.barcosenmenorca.com\/fr\/wp-json\/wp\/v2\/users\/2"}],"replies":[{"embeddable":true,"href":"https:\/\/pruebasaccuro.barcosenmenorca.com\/fr\/wp-json\/wp\/v2\/comments?post=20606"}],"version-history":[{"count":2,"href":"https:\/\/pruebasaccuro.barcosenmenorca.com\/fr\/wp-json\/wp\/v2\/pages\/20606\/revisions"}],"predecessor-version":[{"id":20609,"href":"https:\/\/pruebasaccuro.barcosenmenorca.com\/fr\/wp-json\/wp\/v2\/pages\/20606\/revisions\/20609"}],"wp:attachment":[{"href":"https:\/\/pruebasaccuro.barcosenmenorca.com\/fr\/wp-json\/wp\/v2\/media?parent=20606"}],"curies":[{"name":"wp","href":"https:\/\/api.w.org\/{rel}","templated":true}]}}